{"id":13793,"date":"2026-02-25T15:21:04","date_gmt":"2026-02-25T13:21:04","guid":{"rendered":"https:\/\/www.kayakingmoresca.it\/?page_id=13793"},"modified":"2026-04-02T18:26:35","modified_gmt":"2026-04-02T16:26:35","slug":"reservierungen","status":"publish","type":"page","link":"https:\/\/www.kayakingmoresca.it\/de\/domande-frequenti\/prenotazioni\/","title":{"rendered":"Reservierungen"},"content":{"rendered":"\t\t<div data-elementor-type=\"wp-page\" data-elementor-id=\"13793\" class=\"elementor elementor-13793\" data-elementor-post-type=\"page\">\n\t\t\t\t<div class=\"elementor-element elementor-element-bdff4e6 e-flex e-con-boxed e-con e-parent\" data-id=\"bdff4e6\" data-element_type=\"container\" data-e-type=\"container\" data-settings=\"{&quot;background_background&quot;:&quot;classic&quot;}\">\n\t\t\t\t\t<div class=\"e-con-inner\">\n\t\t<div class=\"elementor-element elementor-element-9bea536 e-con-full e-flex e-con e-child\" data-id=\"9bea536\" data-element_type=\"container\" data-e-type=\"container\">\n\t\t\t\t<div class=\"elementor-element elementor-element-b103dcc elementor-widget elementor-widget-heading\" data-id=\"b103dcc\" data-element_type=\"widget\" data-e-type=\"widget\" data-widget_type=\"heading.default\">\n\t\t\t\t<div class=\"elementor-widget-container\">\n\t\t\t\t\t<p class=\"elementor-heading-title elementor-size-default\">FAQ<\/p>\t\t\t\t<\/div>\n\t\t\t\t<\/div>\n\t\t\t\t<div class=\"elementor-element elementor-element-8873b60 elementor-widget elementor-widget-ucaddon_gradient_underline_text_effect\" data-id=\"8873b60\" data-element_type=\"widget\" data-e-type=\"widget\" data-widget_type=\"ucaddon_gradient_underline_text_effect.default\">\n\t\t\t\t<div class=\"elementor-widget-container\">\n\t\t\t\t\t\n<!-- start Gradient Underline Text Effect -->\n<style>\/* widget: Gradient Underline Text Effect *\/\n\n#uc_gradient_underline_text_effect_elementor_8873b60 .underline--magical {\n  background-image: linear-gradient(120deg, #F0811B 0%, #E0DFDF 100%);\n  background-repeat: no-repeat;\n  background-size: 100% 0.2em;\n  background-position: 0 88%;\n  transition: background-size 0.25s ease-in;\n}\n\n#uc_gradient_underline_text_effect_elementor_8873b60 .underline--magical:hover {\n  background-size: 100% 88%;\n}\n\n\n<\/style>\n\n<div id=\"uc_gradient_underline_text_effect_elementor_8873b60\" class=\"gradient_underline_text_effect\" style=\"color:#000000;\">\n<span class=\"beginning_text\" style=\"color:#0A0A0A;\">Domande frequenti su<\/span> \n<span class=\"underline--magical\" style=\"color:#0A0A0A;\"><\/span> \n<span class=\"ending_text\" style=\"color:#0A0A0A;\"><\/span>\n<\/div>\n<!-- end Gradient Underline Text Effect -->\t\t\t\t<\/div>\n\t\t\t\t<\/div>\n\t\t\t\t<\/div>\n\t\t\t\t\t<\/div>\n\t\t\t\t<\/div>\n\t\t<div class=\"elementor-element elementor-element-515eba e-flex e-con-boxed e-con e-parent\" data-id=\"515eba\" data-element_type=\"container\" data-e-type=\"container\">\n\t\t\t\t\t<div class=\"e-con-inner\">\n\t\t<div class=\"elementor-element elementor-element-38ae405b e-con-full e-flex e-con e-child\" data-id=\"38ae405b\" data-element_type=\"container\" data-e-type=\"container\" data-settings=\"{&quot;background_background&quot;:&quot;classic&quot;}\">\n\t\t\t\t<div class=\"elementor-element elementor-element-4bc1f906 elementor-nav-menu__align-start elementor-nav-menu--dropdown-none elementor-widget__width-auto elementor-widget elementor-widget-nav-menu\" data-id=\"4bc1f906\" data-element_type=\"widget\" data-e-type=\"widget\" data-settings=\"{&quot;submenu_icon&quot;:{&quot;value&quot;:&quot;&lt;i class=\\&quot;\\&quot; aria-hidden=\\&quot;true\\&quot;&gt;&lt;\\\/i&gt;&quot;,&quot;library&quot;:&quot;&quot;},&quot;layout&quot;:&quot;horizontal&quot;}\" data-widget_type=\"nav-menu.default\">\n\t\t\t\t<div class=\"elementor-widget-container\">\n\t\t\t\t\t\t\t\t<nav aria-label=\"Menu\" class=\"elementor-nav-menu--main elementor-nav-menu__container elementor-nav-menu--layout-horizontal e--pointer-underline e--animation-fade\">\n\t\t\t\t<ul id=\"menu-1-4bc1f906\" class=\"elementor-nav-menu\"><li class=\"menu-item menu-item-type-post_type menu-item-object-page menu-item-13832\"><a href=\"https:\/\/www.kayakingmoresca.it\/de\/domande-frequenti\/prenotazioni\/\" class=\"elementor-item\">Prenotazioni<\/a><\/li>\n<li class=\"menu-item menu-item-type-post_type menu-item-object-page menu-item-13830\"><a href=\"https:\/\/www.kayakingmoresca.it\/de\/domande-frequenti\/cosa-portare\/\" class=\"elementor-item\">Cosa portare<\/a><\/li>\n<li class=\"menu-item menu-item-type-post_type menu-item-object-page menu-item-13831\"><a href=\"https:\/\/www.kayakingmoresca.it\/de\/domande-frequenti\/indicazioni-stradali\/\" class=\"elementor-item\">Indicazioni stradali<\/a><\/li>\n<li class=\"menu-item menu-item-type-post_type menu-item-object-page menu-item-13829\"><a href=\"https:\/\/www.kayakingmoresca.it\/de\/domande-frequenti\/sostenibilita\/\" class=\"elementor-item\">Sostenibilit\u00e0<\/a><\/li>\n<\/ul>\t\t\t<\/nav>\n\t\t\t\t\t\t<nav class=\"elementor-nav-menu--dropdown elementor-nav-menu__container\" aria-hidden=\"true\">\n\t\t\t\t<ul id=\"menu-2-4bc1f906\" class=\"elementor-nav-menu\"><li class=\"menu-item menu-item-type-post_type menu-item-object-page menu-item-13832\"><a href=\"https:\/\/www.kayakingmoresca.it\/de\/domande-frequenti\/prenotazioni\/\" class=\"elementor-item\" tabindex=\"-1\">Prenotazioni<\/a><\/li>\n<li class=\"menu-item menu-item-type-post_type menu-item-object-page menu-item-13830\"><a href=\"https:\/\/www.kayakingmoresca.it\/de\/domande-frequenti\/cosa-portare\/\" class=\"elementor-item\" tabindex=\"-1\">Cosa portare<\/a><\/li>\n<li class=\"menu-item menu-item-type-post_type menu-item-object-page menu-item-13831\"><a href=\"https:\/\/www.kayakingmoresca.it\/de\/domande-frequenti\/indicazioni-stradali\/\" class=\"elementor-item\" tabindex=\"-1\">Indicazioni stradali<\/a><\/li>\n<li class=\"menu-item menu-item-type-post_type menu-item-object-page menu-item-13829\"><a href=\"https:\/\/www.kayakingmoresca.it\/de\/domande-frequenti\/sostenibilita\/\" class=\"elementor-item\" tabindex=\"-1\">Sostenibilit\u00e0<\/a><\/li>\n<\/ul>\t\t\t<\/nav>\n\t\t\t\t\t\t<\/div>\n\t\t\t\t<\/div>\n\t\t\t\t<\/div>\n\t\t\t\t\t<\/div>\n\t\t\t\t<\/div>\n\t\t<div class=\"elementor-element elementor-element-1e1036c4 e-flex e-con-boxed e-con e-parent\" data-id=\"1e1036c4\" data-element_type=\"container\" data-e-type=\"container\">\n\t\t\t\t\t<div class=\"e-con-inner\">\n\t\t\t\t<div class=\"elementor-element elementor-element-0c65df1 elementor-widget elementor-widget-toggle\" data-id=\"0c65df1\" data-element_type=\"widget\" data-e-type=\"widget\" data-widget_type=\"toggle.default\">\n\t\t\t\t<div class=\"elementor-widget-container\">\n\t\t\t\t\t\t\t<div class=\"elementor-toggle\">\n\t\t\t\t\t\t\t<div class=\"elementor-toggle-item\">\n\t\t\t\t\t<h2 id=\"elementor-tab-title-1301\" class=\"elementor-tab-title\" data-tab=\"1\" role=\"button\" aria-controls=\"elementor-tab-content-1301\" aria-expanded=\"false\">\n\t\t\t\t\t\t\t\t\t\t\t\t<span class=\"elementor-toggle-icon elementor-toggle-icon-right\" aria-hidden=\"true\">\n\t\t\t\t\t\t\t\t\t\t\t\t\t\t\t<span class=\"elementor-toggle-icon-closed\"><i class=\"fas fa-plus-circle\"><\/i><\/span>\n\t\t\t\t\t\t\t\t<span class=\"elementor-toggle-icon-opened\"><i class=\"elementor-toggle-icon-opened fas fa-minus-circle\"><\/i><\/span>\n\t\t\t\t\t\t\t\t\t\t\t\t\t<\/span>\n\t\t\t\t\t\t\t\t\t\t\t\t<a class=\"elementor-toggle-title\" tabindex=\"0\">Come posso prenotare un'escursione o un noleggio su Kayaking Moresca?<\/a>\n\t\t\t\t\t<\/h2>\n\n\t\t\t\t\t<div id=\"elementor-tab-content-1301\" class=\"elementor-tab-content elementor-clearfix\" data-tab=\"1\" role=\"region\" aria-labelledby=\"elementor-tab-title-1301\"><p>Prenotare la tua avventura a Golfo Aranci \u00e8 facilissimo e veloce! Puoi farlo direttamente online in 3 semplici passaggi:<\/p><p><strong>Scegli la tua esperienza<\/strong> (Tour guidato in kayak o noleggio libero)<\/p><p><strong>Seleziona data e orario <\/strong>(alba,\u00a0mattina,\u00a0pomeriggio\u00a0o\u00a0tramonto)<\/p><p><strong>Completa il pagamento<\/strong> sicuro con carta di credito<\/p><p>\ud83d\udc49 Prenota ora in 2 minuti e assicurati il posto per la tua esperienza indimenticabile<\/p><\/div>\n\t\t\t\t<\/div>\n\t\t\t\t\t\t\t<div class=\"elementor-toggle-item\">\n\t\t\t\t\t<h2 id=\"elementor-tab-title-1302\" class=\"elementor-tab-title\" data-tab=\"2\" role=\"button\" aria-controls=\"elementor-tab-content-1302\" aria-expanded=\"false\">\n\t\t\t\t\t\t\t\t\t\t\t\t<span class=\"elementor-toggle-icon elementor-toggle-icon-right\" aria-hidden=\"true\">\n\t\t\t\t\t\t\t\t\t\t\t\t\t\t\t<span class=\"elementor-toggle-icon-closed\"><i class=\"fas fa-plus-circle\"><\/i><\/span>\n\t\t\t\t\t\t\t\t<span class=\"elementor-toggle-icon-opened\"><i class=\"elementor-toggle-icon-opened fas fa-minus-circle\"><\/i><\/span>\n\t\t\t\t\t\t\t\t\t\t\t\t\t<\/span>\n\t\t\t\t\t\t\t\t\t\t\t\t<a class=\"elementor-toggle-title\" tabindex=\"0\">Quali metodi di pagamento accettate? \u00c8 sicuro pagare online?<\/a>\n\t\t\t\t\t<\/h2>\n\n\t\t\t\t\t<div id=\"elementor-tab-content-1302\" class=\"elementor-tab-content elementor-clearfix\" data-tab=\"2\" role=\"region\" aria-labelledby=\"elementor-tab-title-1302\"><p class=\"ds-markdown-paragraph\">Accettiamo tutti i principali metodi di pagamento per garantirti la massima flessibilit\u00e0 e sicurezza:<\/p><p class=\"ds-markdown-paragraph\">\u2705\u00a0<strong>Carte di credito e debito<\/strong>\u00a0(Visa, Mastercard, American Express, Maestro)<br \/>\u2705\u00a0<strong>Carte prepagate<\/strong>\u00a0(Postepay, ecc.)<br \/>\u2705\u00a0<strong>Apple Pay<\/strong>\u00a0e\u00a0<strong>Google Pay<\/strong> (pagamento rapido da smartphone)<\/p><p class=\"ds-markdown-paragraph\">La tua sicurezza \u00e8 la nostra priorit\u00e0! Il nostro sistema di pagamento \u00e8\u00a0<strong>crittografato e conforme agli standard PCI DSS<\/strong>, gli stessi utilizzati dalle banche. I tuoi dati viaggiano protetti e noi non abbiamo mai accesso alle informazioni complete della tua carta.<\/p><p class=\"ds-markdown-paragraph\">\ud83d\udd12\u00a0<strong>Pagamento 100% sicuro e protetto.<\/strong><\/p><\/div>\n\t\t\t\t<\/div>\n\t\t\t\t\t\t\t<div class=\"elementor-toggle-item\">\n\t\t\t\t\t<h2 id=\"elementor-tab-title-1303\" class=\"elementor-tab-title\" data-tab=\"3\" role=\"button\" aria-controls=\"elementor-tab-content-1303\" aria-expanded=\"false\">\n\t\t\t\t\t\t\t\t\t\t\t\t<span class=\"elementor-toggle-icon elementor-toggle-icon-right\" aria-hidden=\"true\">\n\t\t\t\t\t\t\t\t\t\t\t\t\t\t\t<span class=\"elementor-toggle-icon-closed\"><i class=\"fas fa-plus-circle\"><\/i><\/span>\n\t\t\t\t\t\t\t\t<span class=\"elementor-toggle-icon-opened\"><i class=\"elementor-toggle-icon-opened fas fa-minus-circle\"><\/i><\/span>\n\t\t\t\t\t\t\t\t\t\t\t\t\t<\/span>\n\t\t\t\t\t\t\t\t\t\t\t\t<a class=\"elementor-toggle-title\" tabindex=\"0\">Devo pagare tutto subito o posso versare un acconto?<\/a>\n\t\t\t\t\t<\/h2>\n\n\t\t\t\t\t<div id=\"elementor-tab-content-1303\" class=\"elementor-tab-content elementor-clearfix\" data-tab=\"3\" role=\"region\" aria-labelledby=\"elementor-tab-title-1303\">La tua carta non verr\u00e0 addebitata al momento della prenotazione. Il pagamento online con carta di credito sar\u00e0 disponibile alla conferma del tour; ti contatteremo noi. Se preferisci pagare \nall&#8217;arrivo, offriamo pagamenti con carta o in contanti. La carta di credito verr\u00e0 addebitata anche in caso di cancellazione dell&#8217;ultimo minuto al di fuori della nostra politica di cancellazione o in caso di arrivo in ritardo.<\/div>\n\t\t\t\t<\/div>\n\t\t\t\t\t\t\t<div class=\"elementor-toggle-item\">\n\t\t\t\t\t<h2 id=\"elementor-tab-title-1304\" class=\"elementor-tab-title\" data-tab=\"4\" role=\"button\" aria-controls=\"elementor-tab-content-1304\" aria-expanded=\"false\">\n\t\t\t\t\t\t\t\t\t\t\t\t<span class=\"elementor-toggle-icon elementor-toggle-icon-right\" aria-hidden=\"true\">\n\t\t\t\t\t\t\t\t\t\t\t\t\t\t\t<span class=\"elementor-toggle-icon-closed\"><i class=\"fas fa-plus-circle\"><\/i><\/span>\n\t\t\t\t\t\t\t\t<span class=\"elementor-toggle-icon-opened\"><i class=\"elementor-toggle-icon-opened fas fa-minus-circle\"><\/i><\/span>\n\t\t\t\t\t\t\t\t\t\t\t\t\t<\/span>\n\t\t\t\t\t\t\t\t\t\t\t\t<a class=\"elementor-toggle-title\" tabindex=\"0\">Qual \u00e8 la politica di cancellazione? Posso ricevere un rimborso?<\/a>\n\t\t\t\t\t<\/h2>\n\n\t\t\t\t\t<div id=\"elementor-tab-content-1304\" class=\"elementor-tab-content elementor-clearfix\" data-tab=\"4\" role=\"region\" aria-labelledby=\"elementor-tab-title-1304\"><p class=\"ds-markdown-paragraph\">Offriamo una politica\u00a0<strong>trasparente e flessibile<\/strong>\u00a0per darti la massima serenit\u00e0:<\/p><p class=\"ds-markdown-paragraph\"><strong>Cancellazione gratuita<\/strong>\u00a0fino a\u00a0<strong>24 ore prima<\/strong>\u00a0dell&#8217;orario di partenza. Il rimborso sar\u00e0 integrale sulla tua carta.<\/p><p class=\"ds-markdown-paragraph\"><strong>Entro 24 ore<\/strong>: In caso di maltempo o condizioni del mare non sicure, decideremo insieme se riprogrammare l&#8217;escursione o emettere un rimborso completo di eventuali pagamenti effettuati sulla carta di credito utilizzata. Se la cancellazione \u00e8 una tua scelta, al di fuori delle cause di forza maggiore non verranno emessi rimborsi.<\/p><p class=\"ds-markdown-paragraph\"><strong>Nessuna penale per cambi data<\/strong>: se hai un imprevisto, contattaci! Cercheremo insieme di trovare una nuova data disponibile senza costi aggiuntivi.<\/p><p class=\"ds-markdown-paragraph\"><strong>I tempi di rimborso<\/strong>\u00a0variano in base alla tua banca, di solito tra 5 e 10 giorni lavorativi.<\/p><\/div>\n\t\t\t\t<\/div>\n\t\t\t\t\t\t\t<div class=\"elementor-toggle-item\">\n\t\t\t\t\t<h2 id=\"elementor-tab-title-1305\" class=\"elementor-tab-title\" data-tab=\"5\" role=\"button\" aria-controls=\"elementor-tab-content-1305\" aria-expanded=\"false\">\n\t\t\t\t\t\t\t\t\t\t\t\t<span class=\"elementor-toggle-icon elementor-toggle-icon-right\" aria-hidden=\"true\">\n\t\t\t\t\t\t\t\t\t\t\t\t\t\t\t<span class=\"elementor-toggle-icon-closed\"><i class=\"fas fa-plus-circle\"><\/i><\/span>\n\t\t\t\t\t\t\t\t<span class=\"elementor-toggle-icon-opened\"><i class=\"elementor-toggle-icon-opened fas fa-minus-circle\"><\/i><\/span>\n\t\t\t\t\t\t\t\t\t\t\t\t\t<\/span>\n\t\t\t\t\t\t\t\t\t\t\t\t<a class=\"elementor-toggle-title\" tabindex=\"0\">Con quanto anticipo devo prenotare?<\/a>\n\t\t\t\t\t<\/h2>\n\n\t\t\t\t\t<div id=\"elementor-tab-content-1305\" class=\"elementor-tab-content elementor-clearfix\" data-tab=\"5\" role=\"region\" aria-labelledby=\"elementor-tab-title-1305\"><p class=\"ds-markdown-paragraph\">Per garantirci di avere posti disponibili, ti consigliamo di prenotare almeno 4-5 giorni prima in alta stagione.<\/p><p class=\"ds-markdown-paragraph\"><strong>Disponibilit\u00e0 real-time:<\/strong>\u00a0Sul nostro calendario online puoi vedere in tempo reale quali date e orari sono ancora liberi.<\/p><p class=\"ds-markdown-paragraph\">\ud83d\udca1\u00a0<strong>Consigli utili:<\/strong><\/p><p class=\"ds-markdown-paragraph\"><strong>Tour all&#8217;alba e al tramonto<\/strong>\u00a0\u2192 sono i pi\u00f9 richiesti, prenota con almeno una settimana di anticipo se possibile<\/p><p class=\"ds-markdown-paragraph\"><strong>Weekend e festivi<\/strong>\u00a0\u2192 si riempiono rapidamente<\/p><p class=\"ds-markdown-paragraph\"><strong>Ultimo minuto?<\/strong>\u00a0\u2192 Controlla il calendario online, potresti trovare posti liberi anche il giorno prima!<\/p><\/div>\n\t\t\t\t<\/div>\n\t\t\t\t\t\t\t<div class=\"elementor-toggle-item\">\n\t\t\t\t\t<h2 id=\"elementor-tab-title-1306\" class=\"elementor-tab-title\" data-tab=\"6\" role=\"button\" aria-controls=\"elementor-tab-content-1306\" aria-expanded=\"false\">\n\t\t\t\t\t\t\t\t\t\t\t\t<span class=\"elementor-toggle-icon elementor-toggle-icon-right\" aria-hidden=\"true\">\n\t\t\t\t\t\t\t\t\t\t\t\t\t\t\t<span class=\"elementor-toggle-icon-closed\"><i class=\"fas fa-plus-circle\"><\/i><\/span>\n\t\t\t\t\t\t\t\t<span class=\"elementor-toggle-icon-opened\"><i class=\"elementor-toggle-icon-opened fas fa-minus-circle\"><\/i><\/span>\n\t\t\t\t\t\t\t\t\t\t\t\t\t<\/span>\n\t\t\t\t\t\t\t\t\t\t\t\t<a class=\"elementor-toggle-title\" tabindex=\"0\">Ho prenotato ma non ho ricevuto la conferma, cosa devo fare?<\/a>\n\t\t\t\t\t<\/h2>\n\n\t\t\t\t\t<div id=\"elementor-tab-content-1306\" class=\"elementor-tab-content elementor-clearfix\" data-tab=\"6\" role=\"region\" aria-labelledby=\"elementor-tab-title-1306\"><p class=\"ds-markdown-paragraph\">Subito dopo la prenotazione riceverai automaticamente:<\/p><p class=\"ds-markdown-paragraph\"><strong>Email di conferma<\/strong>\u00a0con tutti i dettagli (data, ora, punto di ritrovo)<\/p><p class=\"ds-markdown-paragraph\"><strong>Email di promemoria<\/strong> 24 ore prima dell&#8217;escursione<\/p><p class=\"ds-markdown-paragraph\"><strong>Non hai ricevuto nulla?<\/strong>\u00a0Segui questi passaggi:<\/p><ul><li><p class=\"ds-markdown-paragraph\">Controlla nella cartella\u00a0<strong>SPAM<\/strong>\u00a0o\u00a0<strong>Promozioni<\/strong>\u00a0della tua email<\/p><\/li><li><p class=\"ds-markdown-paragraph\">Contattaci via WhatsApp o email con il tuo nome e la data presunta della prenotazione: ti risponderemo in pochi minuti!<\/p><\/li><\/ul><\/div>\n\t\t\t\t<\/div>\n\t\t\t\t\t\t\t<div class=\"elementor-toggle-item\">\n\t\t\t\t\t<h2 id=\"elementor-tab-title-1307\" class=\"elementor-tab-title\" data-tab=\"7\" role=\"button\" aria-controls=\"elementor-tab-content-1307\" aria-expanded=\"false\">\n\t\t\t\t\t\t\t\t\t\t\t\t<span class=\"elementor-toggle-icon elementor-toggle-icon-right\" aria-hidden=\"true\">\n\t\t\t\t\t\t\t\t\t\t\t\t\t\t\t<span class=\"elementor-toggle-icon-closed\"><i class=\"fas fa-plus-circle\"><\/i><\/span>\n\t\t\t\t\t\t\t\t<span class=\"elementor-toggle-icon-opened\"><i class=\"elementor-toggle-icon-opened fas fa-minus-circle\"><\/i><\/span>\n\t\t\t\t\t\t\t\t\t\t\t\t\t<\/span>\n\t\t\t\t\t\t\t\t\t\t\t\t<a class=\"elementor-toggle-title\" tabindex=\"0\">\u00c8 necessario stampare qualcosa o basta la prenotazione online?<\/a>\n\t\t\t\t\t<\/h2>\n\n\t\t\t\t\t<div id=\"elementor-tab-content-1307\" class=\"elementor-tab-content elementor-clearfix\" data-tab=\"7\" role=\"region\" aria-labelledby=\"elementor-tab-title-1307\"><p class=\"ds-markdown-paragraph\">Niente carta, zero stress! \ud83c\udf31<\/p><p class=\"ds-markdown-paragraph\">All&#8217;arrivo \u00e8 sufficiente:<br \/>\u2705\u00a0<strong>Comunicare il tuo nome<\/strong>\u00a0alla guida<\/p><p class=\"ds-markdown-paragraph\">\u2705\u00a0<strong>Mostrare l&#8217;email di conferma<\/strong>\u00a0dal tuo smartphone (o semplicemente dire &#8220;ho prenotato con [il tuo nome]&#8221;)<\/p><p class=\"ds-markdown-paragraph\">Siamo attenti all&#8217;ambiente e promuoviamo il\u00a0<strong>digital green<\/strong>: niente stampanti, niente sprechi. Il mare ti ringrazier\u00e0!<\/p><\/div>\n\t\t\t\t<\/div>\n\t\t\t\t\t\t\t\t\t\t<script type=\"application\/ld+json\">{\"@context\":\"https:\\\/\\\/schema.org\",\"@type\":\"FAQPage\",\"mainEntity\":[{\"@type\":\"Question\",\"name\":\"Come posso prenotare un'escursione o un noleggio su Kayaking Moresca?\",\"acceptedAnswer\":{\"@type\":\"Answer\",\"text\":\"<p>Prenotare la tua avventura a Golfo Aranci \\u00e8 facilissimo e veloce! Puoi farlo direttamente online in 3 semplici passaggi:<\\\/p><p><strong>Scegli la tua esperienza<\\\/strong> (Tour guidato in kayak o noleggio libero)<\\\/p><p><strong>Seleziona data e orario <\\\/strong>(alba,\\u00a0mattina,\\u00a0pomeriggio\\u00a0o\\u00a0tramonto)<\\\/p><p><strong>Completa il pagamento<\\\/strong> sicuro con carta di credito<\\\/p><p>\\ud83d\\udc49 Prenota ora in 2 minuti e assicurati il posto per la tua esperienza indimenticabile<\\\/p>\"}},{\"@type\":\"Question\",\"name\":\"Quali metodi di pagamento accettate? \\u00c8 sicuro pagare online?\",\"acceptedAnswer\":{\"@type\":\"Answer\",\"text\":\"<p class=\\\"ds-markdown-paragraph\\\">Accettiamo tutti i principali metodi di pagamento per garantirti la massima flessibilit\\u00e0 e sicurezza:<\\\/p><p class=\\\"ds-markdown-paragraph\\\">\\u2705\\u00a0<strong>Carte di credito e debito<\\\/strong>\\u00a0(Visa, Mastercard, American Express, Maestro)<br \\\/>\\u2705\\u00a0<strong>Carte prepagate<\\\/strong>\\u00a0(Postepay, ecc.)<br \\\/>\\u2705\\u00a0<strong>Apple Pay<\\\/strong>\\u00a0e\\u00a0<strong>Google Pay<\\\/strong> (pagamento rapido da smartphone)<\\\/p><p class=\\\"ds-markdown-paragraph\\\">La tua sicurezza \\u00e8 la nostra priorit\\u00e0! Il nostro sistema di pagamento \\u00e8\\u00a0<strong>crittografato e conforme agli standard PCI DSS<\\\/strong>, gli stessi utilizzati dalle banche. I tuoi dati viaggiano protetti e noi non abbiamo mai accesso alle informazioni complete della tua carta.<\\\/p><p class=\\\"ds-markdown-paragraph\\\">\\ud83d\\udd12\\u00a0<strong>Pagamento 100% sicuro e protetto.<\\\/strong><\\\/p>\"}},{\"@type\":\"Question\",\"name\":\"Devo pagare tutto subito o posso versare un acconto?\",\"acceptedAnswer\":{\"@type\":\"Answer\",\"text\":\"La tua carta non verr\\u00e0 addebitata al momento della prenotazione. Il pagamento online con carta di credito sar\\u00e0 disponibile alla conferma del tour; ti contatteremo noi. Se preferisci pagare \\nall&#8217;arrivo, offriamo pagamenti con carta o in contanti. La carta di credito verr\\u00e0 addebitata anche in caso di cancellazione dell&#8217;ultimo minuto al di fuori della nostra politica di cancellazione o in caso di arrivo in ritardo.\"}},{\"@type\":\"Question\",\"name\":\"Qual \\u00e8 la politica di cancellazione? Posso ricevere un rimborso?\",\"acceptedAnswer\":{\"@type\":\"Answer\",\"text\":\"<p class=\\\"ds-markdown-paragraph\\\">Offriamo una politica\\u00a0<strong>trasparente e flessibile<\\\/strong>\\u00a0per darti la massima serenit\\u00e0:<\\\/p><p class=\\\"ds-markdown-paragraph\\\"><strong>Cancellazione gratuita<\\\/strong>\\u00a0fino a\\u00a0<strong>24 ore prima<\\\/strong>\\u00a0dell&#8217;orario di partenza. Il rimborso sar\\u00e0 integrale sulla tua carta.<\\\/p><p class=\\\"ds-markdown-paragraph\\\"><strong>Entro 24 ore<\\\/strong>: In caso di maltempo o condizioni del mare non sicure, decideremo insieme se riprogrammare l&#8217;escursione o emettere un rimborso completo di eventuali pagamenti effettuati sulla carta di credito utilizzata. Se la cancellazione \\u00e8 una tua scelta, al di fuori delle cause di forza maggiore non verranno emessi rimborsi.<\\\/p><p class=\\\"ds-markdown-paragraph\\\"><strong>Nessuna penale per cambi data<\\\/strong>: se hai un imprevisto, contattaci! Cercheremo insieme di trovare una nuova data disponibile senza costi aggiuntivi.<\\\/p><p class=\\\"ds-markdown-paragraph\\\"><strong>I tempi di rimborso<\\\/strong>\\u00a0variano in base alla tua banca, di solito tra 5 e 10 giorni lavorativi.<\\\/p>\"}},{\"@type\":\"Question\",\"name\":\"Con quanto anticipo devo prenotare?\",\"acceptedAnswer\":{\"@type\":\"Answer\",\"text\":\"<p class=\\\"ds-markdown-paragraph\\\">Per garantirci di avere posti disponibili, ti consigliamo di prenotare almeno 4-5 giorni prima in alta stagione.<\\\/p><p class=\\\"ds-markdown-paragraph\\\"><strong>Disponibilit\\u00e0 real-time:<\\\/strong>\\u00a0Sul nostro calendario online puoi vedere in tempo reale quali date e orari sono ancora liberi.<\\\/p><p class=\\\"ds-markdown-paragraph\\\">\\ud83d\\udca1\\u00a0<strong>Consigli utili:<\\\/strong><\\\/p><p class=\\\"ds-markdown-paragraph\\\"><strong>Tour all&#8217;alba e al tramonto<\\\/strong>\\u00a0\\u2192 sono i pi\\u00f9 richiesti, prenota con almeno una settimana di anticipo se possibile<\\\/p><p class=\\\"ds-markdown-paragraph\\\"><strong>Weekend e festivi<\\\/strong>\\u00a0\\u2192 si riempiono rapidamente<\\\/p><p class=\\\"ds-markdown-paragraph\\\"><strong>Ultimo minuto?<\\\/strong>\\u00a0\\u2192 Controlla il calendario online, potresti trovare posti liberi anche il giorno prima!<\\\/p>\"}},{\"@type\":\"Question\",\"name\":\"Ho prenotato ma non ho ricevuto la conferma, cosa devo fare?\",\"acceptedAnswer\":{\"@type\":\"Answer\",\"text\":\"<p class=\\\"ds-markdown-paragraph\\\">Subito dopo la prenotazione riceverai automaticamente:<\\\/p><p class=\\\"ds-markdown-paragraph\\\"><strong>Email di conferma<\\\/strong>\\u00a0con tutti i dettagli (data, ora, punto di ritrovo)<\\\/p><p class=\\\"ds-markdown-paragraph\\\"><strong>Email di promemoria<\\\/strong> 24 ore prima dell&#8217;escursione<\\\/p><p class=\\\"ds-markdown-paragraph\\\"><strong>Non hai ricevuto nulla?<\\\/strong>\\u00a0Segui questi passaggi:<\\\/p><ul><li><p class=\\\"ds-markdown-paragraph\\\">Controlla nella cartella\\u00a0<strong>SPAM<\\\/strong>\\u00a0o\\u00a0<strong>Promozioni<\\\/strong>\\u00a0della tua email<\\\/p><\\\/li><li><p class=\\\"ds-markdown-paragraph\\\">Contattaci via WhatsApp o email con il tuo nome e la data presunta della prenotazione: ti risponderemo in pochi minuti!<\\\/p><\\\/li><\\\/ul>\"}},{\"@type\":\"Question\",\"name\":\"\\u00c8 necessario stampare qualcosa o basta la prenotazione online?\",\"acceptedAnswer\":{\"@type\":\"Answer\",\"text\":\"<p class=\\\"ds-markdown-paragraph\\\">Niente carta, zero stress! \\ud83c\\udf31<\\\/p><p class=\\\"ds-markdown-paragraph\\\">All&#8217;arrivo \\u00e8 sufficiente:<br \\\/>\\u2705\\u00a0<strong>Comunicare il tuo nome<\\\/strong>\\u00a0alla guida<\\\/p><p class=\\\"ds-markdown-paragraph\\\">\\u2705\\u00a0<strong>Mostrare l&#8217;email di conferma<\\\/strong>\\u00a0dal tuo smartphone (o semplicemente dire &#8220;ho prenotato con [il tuo nome]&#8221;)<\\\/p><p class=\\\"ds-markdown-paragraph\\\">Siamo attenti all&#8217;ambiente e promuoviamo il\\u00a0<strong>digital green<\\\/strong>: niente stampanti, niente sprechi. Il mare ti ringrazier\\u00e0!<\\\/p>\"}}]}<\/script>\n\t\t\t\t\t<\/div>\n\t\t\t\t\t\t<\/div>\n\t\t\t\t<\/div>\n\t\t\t\t\t<\/div>\n\t\t\t\t<\/div>\n\t\t\t\t<\/div>\n\t\t","protected":false},"excerpt":{"rendered":"<p>FAQ Domande frequenti su Come posso prenotare un&#8217;escursione o un noleggio su Kayaking Moresca? Prenotare la tua avventura a Golfo Aranci \u00e8 facilissimo e veloce! Puoi farlo direttamente online in 3 semplici passaggi: Scegli la tua esperienza (Tour guidato in kayak o noleggio libero) Seleziona data e orario (alba,\u00a0mattina,\u00a0pomeriggio\u00a0o\u00a0tramonto) Completa il pagamento sicuro con carta [&hellip;]<\/p>\n","protected":false},"author":1,"featured_media":0,"parent":13786,"menu_order":0,"comment_status":"closed","ping_status":"closed","template":"","meta":{"footnotes":""},"class_list":["post-13793","page","type-page","status-publish","hentry"],"_links":{"self":[{"href":"https:\/\/www.kayakingmoresca.it\/de\/wp-json\/wp\/v2\/pages\/13793","targetHints":{"allow":["GET"]}}],"collection":[{"href":"https:\/\/www.kayakingmoresca.it\/de\/wp-json\/wp\/v2\/pages"}],"about":[{"href":"https:\/\/www.kayakingmoresca.it\/de\/wp-json\/wp\/v2\/types\/page"}],"author":[{"embeddable":true,"href":"https:\/\/www.kayakingmoresca.it\/de\/wp-json\/wp\/v2\/users\/1"}],"replies":[{"embeddable":true,"href":"https:\/\/www.kayakingmoresca.it\/de\/wp-json\/wp\/v2\/comments?post=13793"}],"version-history":[{"count":6,"href":"https:\/\/www.kayakingmoresca.it\/de\/wp-json\/wp\/v2\/pages\/13793\/revisions"}],"predecessor-version":[{"id":14953,"href":"https:\/\/www.kayakingmoresca.it\/de\/wp-json\/wp\/v2\/pages\/13793\/revisions\/14953"}],"up":[{"embeddable":true,"href":"https:\/\/www.kayakingmoresca.it\/de\/wp-json\/wp\/v2\/pages\/13786"}],"wp:attachment":[{"href":"https:\/\/www.kayakingmoresca.it\/de\/wp-json\/wp\/v2\/media?parent=13793"}],"curies":[{"name":"wp","href":"https:\/\/api.w.org\/{rel}","templated":true}]}}