{"id":13805,"date":"2026-02-25T15:25:29","date_gmt":"2026-02-25T13:25:29","guid":{"rendered":"https:\/\/www.kayakingmoresca.it\/?page_id=13805"},"modified":"2026-03-26T16:09:52","modified_gmt":"2026-03-26T14:09:52","slug":"gift-vouchers","status":"publish","type":"page","link":"https:\/\/www.kayakingmoresca.it\/en\/buoni-regalo\/","title":{"rendered":"Gift Cards"},"content":{"rendered":"<div data-elementor-type=\"wp-page\" data-elementor-id=\"13805\" class=\"elementor elementor-13805\" data-elementor-post-type=\"page\">\n\t\t\t\t<div class=\"elementor-element elementor-element-11b2cc83 e-flex e-con-boxed e-con e-parent\" data-id=\"11b2cc83\" data-element_type=\"container\" data-e-type=\"container\" data-settings=\"{&quot;background_background&quot;:&quot;classic&quot;,&quot;shape_divider_bottom&quot;:&quot;book&quot;}\">\n\t\t\t\t\t<div class=\"e-con-inner\">\n\t\t\t\t<div class=\"elementor-shape elementor-shape-bottom\" aria-hidden=\"true\" data-negative=\"false\">\n\t\t\t<svg xmlns=\"http:\/\/www.w3.org\/2000\/svg\" viewbox=\"0 0 1000 100\" preserveaspectratio=\"none\">\n\t<path class=\"elementor-shape-fill\" d=\"M194,99c186.7,0.7,305-78.3,306-97.2c1,18.9,119.3,97.9,306,97.2c114.3-0.3,194,0.3,194,0.3s0-91.7,0-100c0,0,0,0,0-0 L0,0v99.3C0,99.3,79.7,98.7,194,99z\"\/>\n<\/svg>\t\t<\/div>\n\t\t<div class=\"elementor-element elementor-element-427e929b e-con-full e-flex e-con e-child\" data-id=\"427e929b\" data-element_type=\"container\" data-e-type=\"container\">\n\t\t\t\t<div class=\"elementor-element elementor-element-f7f342d elementor-widget elementor-widget-heading\" data-id=\"f7f342d\" data-element_type=\"widget\" data-e-type=\"widget\" data-widget_type=\"heading.default\">\n\t\t\t\t<div class=\"elementor-widget-container\">\n\t\t\t\t\t<h1 class=\"elementor-heading-title elementor-size-default\">GIFT VOUCHER<\/h1>\t\t\t\t<\/div>\n\t\t\t\t<\/div>\n\t\t\t\t<div class=\"elementor-element elementor-element-3a172add elementor-widget elementor-widget-ucaddon_gradient_underline_text_effect\" data-id=\"3a172add\" data-element_type=\"widget\" data-e-type=\"widget\" data-widget_type=\"ucaddon_gradient_underline_text_effect.default\">\n\t\t\t\t<div class=\"elementor-widget-container\">\n\t\t\t\t\t\n<!-- start Gradient Underline Text Effect -->\n<style>\/* widget: Gradient Underline Text Effect *\/\n\n#uc_gradient_underline_text_effect_elementor_3a172add .underline--magical {\n  background-image: linear-gradient(120deg, #F0811B 0%, #F0811B 100%);\n  background-repeat: no-repeat;\n  background-size: 100% 0.2em;\n  background-position: 0 88%;\n  transition: background-size 0.25s ease-in;\n}\n\n#uc_gradient_underline_text_effect_elementor_3a172add .underline--magical:hover {\n  background-size: 100% 88%;\n}\n\n\n<\/style>\n\n<div id=\"uc_gradient_underline_text_effect_elementor_3a172add\" class=\"gradient_underline_text_effect\" style=\"color:#000000;\">\n<span class=\"beginning_text\" style=\"color:#0A0A0A;\">Make a gift<\/span> \n<span class=\"underline--magical\" style=\"color:#0A0A0A;\">special<\/span> \n<span class=\"ending_text\" style=\"color:#0A0A0A;\"><\/span>\n<\/div>\n<!-- end Gradient Underline Text Effect -->\t\t\t\t<\/div>\n\t\t\t\t<\/div>\n\t\t\t\t<div class=\"elementor-element elementor-element-20db4d4 elementor-widget elementor-widget-text-editor\" data-id=\"20db4d4\" data-element_type=\"widget\" data-e-type=\"widget\" data-widget_type=\"text-editor.default\">\n\t\t\t\t<div class=\"elementor-widget-container\">\n\t\t\t\t\t\t\t\t\t<p><em>Because things are forgotten. Emotions do not.<\/em><\/p>\t\t\t\t\t\t\t\t<\/div>\n\t\t\t\t<\/div>\n\t\t\t\t<div class=\"elementor-element elementor-element-56fca10c elementor-align-center elementor-icon-list--layout-inline elementor-list-item-link-full_width elementor-widget elementor-widget-icon-list\" data-id=\"56fca10c\" data-element_type=\"widget\" data-e-type=\"widget\" data-widget_type=\"icon-list.default\">\n\t\t\t\t<div class=\"elementor-widget-container\">\n\t\t\t\t\t\t\t<ul class=\"elementor-icon-list-items elementor-inline-items\">\n\t\t\t\t\t\t\t<li class=\"elementor-icon-list-item elementor-inline-item\">\n\t\t\t\t\t\t\t\t\t\t\t<span class=\"elementor-icon-list-icon\">\n\t\t\t\t\t\t\t<i aria-hidden=\"true\" class=\"fas fa-check-circle\"><\/i>\t\t\t\t\t\t<\/span>\n\t\t\t\t\t\t\t\t\t\t<span class=\"elementor-icon-list-text\">valid for 1 year<\/span>\n\t\t\t\t\t\t\t\t\t<\/li>\n\t\t\t\t\t\t\t\t<li class=\"elementor-icon-list-item elementor-inline-item\">\n\t\t\t\t\t\t\t\t\t\t\t<span class=\"elementor-icon-list-icon\">\n\t\t\t\t\t\t\t<i aria-hidden=\"true\" class=\"fas fa-check-circle\"><\/i>\t\t\t\t\t\t<\/span>\n\t\t\t\t\t\t\t\t\t\t<span class=\"elementor-icon-list-text\">valid for guided tours and rentals<\/span>\n\t\t\t\t\t\t\t\t\t<\/li>\n\t\t\t\t\t\t<\/ul>\n\t\t\t\t\t\t<\/div>\n\t\t\t\t<\/div>\n\t\t\t\t<div class=\"elementor-element elementor-element-0a4cdc1 elementor-widget elementor-widget-html\" data-id=\"0a4cdc1\" data-element_type=\"widget\" data-e-type=\"widget\" data-no-translation=\"\" data-widget_type=\"html.default\">\n\t\t\t\t<div class=\"elementor-widget-container\">\n\t\t\t\t\t<style>.elementor-element-0a4cdc1{display:none !important}<\/style>\t\t\t\t<\/div>\n\t\t\t\t<\/div>\n\t\t\t\t<div class=\"elementor-element elementor-element-e29231d elementor-widget elementor-widget-html\" data-id=\"e29231d\" data-element_type=\"widget\" data-e-type=\"widget\" data-no-translation=\"\" data-widget_type=\"html.default\">\n\t\t\t\t<div class=\"elementor-widget-container\">\n\t\t\t\t\t<script type=\"text\/javascript\" src=\"https:\/\/bookeo.com\/widget.js?a=42550UXMWA7186DC5FC805&startmode=buyvoucher&languageCode=en_US\"><\/script>\t\t\t\t<\/div>\n\t\t\t\t<\/div>\n\t\t\t\t<div class=\"elementor-element elementor-element-b1ae947 elementor-widget elementor-widget-html\" data-id=\"b1ae947\" data-element_type=\"widget\" data-e-type=\"widget\" data-no-translation=\"\" data-widget_type=\"html.default\">\n\t\t\t\t<div class=\"elementor-widget-container\">\n\t\t\t\t\t<style>.elementor-element-b1ae947{display:none !important}<\/style>\t\t\t\t<\/div>\n\t\t\t\t<\/div>\n\t\t\t\t<div class=\"elementor-element elementor-element-78e40bf elementor-widget elementor-widget-html\" data-id=\"78e40bf\" data-element_type=\"widget\" data-e-type=\"widget\" data-no-translation=\"\" data-widget_type=\"html.default\">\n\t\t\t\t<div class=\"elementor-widget-container\">\n\t\t\t\t\t<style>.elementor-element-78e40bf{display:none !important}<\/style>\t\t\t\t<\/div>\n\t\t\t\t<\/div>\n\t\t\t\t<div class=\"elementor-element elementor-element-a5cd1b7 elementor-widget elementor-widget-heading\" data-id=\"a5cd1b7\" data-element_type=\"widget\" data-e-type=\"widget\" data-widget_type=\"heading.default\">\n\t\t\t\t<div class=\"elementor-widget-container\">\n\t\t\t\t\t<p class=\"elementor-heading-title elementor-size-default\"><a href=\"https:\/\/www.kayakingmoresca.it\/en\/riscatta\/\">Do you already have a gift voucher? <b><u>Click here<\/u><\/b><\/a><\/p>\t\t\t\t<\/div>\n\t\t\t\t<\/div>\n\t\t\t\t<\/div>\n\t\t\t\t\t<\/div>\n\t\t\t\t<\/div>\n\t\t<div class=\"elementor-element elementor-element-7b55266 e-flex e-con-boxed e-con e-parent\" data-id=\"7b55266\" data-element_type=\"container\" data-e-type=\"container\" data-settings=\"{&quot;background_background&quot;:&quot;classic&quot;,&quot;shape_divider_bottom&quot;:&quot;book&quot;}\">\n\t\t\t\t\t<div class=\"e-con-inner\">\n\t\t\t\t<div class=\"elementor-shape elementor-shape-bottom\" aria-hidden=\"true\" data-negative=\"false\">\n\t\t\t<svg xmlns=\"http:\/\/www.w3.org\/2000\/svg\" viewbox=\"0 0 1000 100\" preserveaspectratio=\"none\">\n\t<path class=\"elementor-shape-fill\" d=\"M194,99c186.7,0.7,305-78.3,306-97.2c1,18.9,119.3,97.9,306,97.2c114.3-0.3,194,0.3,194,0.3s0-91.7,0-100c0,0,0,0,0-0 L0,0v99.3C0,99.3,79.7,98.7,194,99z\"\/>\n<\/svg>\t\t<\/div>\n\t\t<div class=\"elementor-element elementor-element-5f57f38 e-con-full e-flex e-con e-child\" data-id=\"5f57f38\" data-element_type=\"container\" data-e-type=\"container\">\n\t\t\t\t<div class=\"elementor-element elementor-element-16dedb9 elementor-widget elementor-widget-text-editor\" data-id=\"16dedb9\" data-element_type=\"widget\" data-e-type=\"widget\" data-widget_type=\"text-editor.default\">\n\t\t\t\t<div class=\"elementor-widget-container\">\n\t\t\t\t\t\t\t\t\t<p>The perfect gift for those who love the sea, freedom and real emotions. No unnecessary things. Just crystal clear water, paddling at sunset and dolphins leaping in front of the bow.<\/p>\t\t\t\t\t\t\t\t<\/div>\n\t\t\t\t<\/div>\n\t\t\t\t<\/div>\n\t\t\t\t\t<\/div>\n\t\t\t\t<\/div>\n\t\t\t\t<\/div>","protected":false},"excerpt":{"rendered":"<p>BUONO REGALO Fai un regalo speciale Perch\u00e9 le cose si dimenticano. Le emozioni no. valido 1 anno valido per tour guidati e noleggi Hai gi\u00e0 un buono regalo? Clicca qui Il regalo perfetto per chi ama il mare, la libert\u00e0 e le emozioni vere. Niente cose inutili. Solo acqua cristallina, pagaiate al tramonto e delfini [&hellip;]<\/p>\n","protected":false},"author":1,"featured_media":0,"parent":0,"menu_order":0,"comment_status":"closed","ping_status":"closed","template":"","meta":{"footnotes":""},"class_list":["post-13805","page","type-page","status-publish","hentry"],"_links":{"self":[{"href":"https:\/\/www.kayakingmoresca.it\/en\/wp-json\/wp\/v2\/pages\/13805","targetHints":{"allow":["GET"]}}],"collection":[{"href":"https:\/\/www.kayakingmoresca.it\/en\/wp-json\/wp\/v2\/pages"}],"about":[{"href":"https:\/\/www.kayakingmoresca.it\/en\/wp-json\/wp\/v2\/types\/page"}],"author":[{"embeddable":true,"href":"https:\/\/www.kayakingmoresca.it\/en\/wp-json\/wp\/v2\/users\/1"}],"replies":[{"embeddable":true,"href":"https:\/\/www.kayakingmoresca.it\/en\/wp-json\/wp\/v2\/comments?post=13805"}],"version-history":[{"count":12,"href":"https:\/\/www.kayakingmoresca.it\/en\/wp-json\/wp\/v2\/pages\/13805\/revisions"}],"predecessor-version":[{"id":14805,"href":"https:\/\/www.kayakingmoresca.it\/en\/wp-json\/wp\/v2\/pages\/13805\/revisions\/14805"}],"wp:attachment":[{"href":"https:\/\/www.kayakingmoresca.it\/en\/wp-json\/wp\/v2\/media?parent=13805"}],"curies":[{"name":"wp","href":"https:\/\/api.w.org\/{rel}","templated":true}]}}